{"id":173,"date":"2018-12-21T16:42:34","date_gmt":"2018-12-21T15:42:34","guid":{"rendered":"http:\/\/emporium-art.com\/?post_type=product&#038;p=173"},"modified":"2025-06-02T17:00:20","modified_gmt":"2025-06-02T15:00:20","slug":"ballets-a-monte-carlo","status":"publish","type":"product","link":"https:\/\/emporium-art.com\/?product=ballets-a-monte-carlo","title":{"rendered":"BALLETS \u00c0 MONTE-CARLO"},"content":{"rendered":"<h2>Pr\u00e9face par S.A.R. la Princesse Caroline de Hanovre.<\/h2>\n<p>Author: Francis Rosset<\/p>\n","protected":false},"excerpt":{"rendered":"<p>Ce livre nous conte l&#8217;histoire de ann\u00e9es oubli\u00e9es (1889-1923) o\u00f9 se succ\u00e8dent ballets d&#8217;oper\u00e0s, ballets classiques, cr\u00e9ations. Les premiers Ballets de Mote Carlo et la venue des grandes danseuses et danseurs.<\/p>\n","protected":false},"featured_media":174,"comment_status":"open","ping_status":"closed","template":"","meta":[],"product_brand":[],"product_cat":[17,114],"product_tag":[54],"class_list":{"0":"post-173","1":"product","2":"type-product","3":"status-publish","4":"has-post-thumbnail","6":"product_cat-libri","7":"product_cat-gruppo-liamar","8":"product_tag-ballets","10":"first","11":"instock","12":"shipping-taxable","13":"purchasable","14":"product-type-simple"},"_links":{"self":[{"href":"https:\/\/emporium-art.com\/index.php?rest_route=\/wp\/v2\/product\/173","targetHints":{"allow":["GET"]}}],"collection":[{"href":"https:\/\/emporium-art.com\/index.php?rest_route=\/wp\/v2\/product"}],"about":[{"href":"https:\/\/emporium-art.com\/index.php?rest_route=\/wp\/v2\/types\/product"}],"replies":[{"embeddable":true,"href":"https:\/\/emporium-art.com\/index.php?rest_route=%2Fwp%2Fv2%2Fcomments&post=173"}],"wp:featuredmedia":[{"embeddable":true,"href":"https:\/\/emporium-art.com\/index.php?rest_route=\/wp\/v2\/media\/174"}],"wp:attachment":[{"href":"https:\/\/emporium-art.com\/index.php?rest_route=%2Fwp%2Fv2%2Fmedia&parent=173"}],"wp:term":[{"taxonomy":"product_brand","embeddable":true,"href":"https:\/\/emporium-art.com\/index.php?rest_route=%2Fwp%2Fv2%2Fproduct_brand&post=173"},{"taxonomy":"product_cat","embeddable":true,"href":"https:\/\/emporium-art.com\/index.php?rest_route=%2Fwp%2Fv2%2Fproduct_cat&post=173"},{"taxonomy":"product_tag","embeddable":true,"href":"https:\/\/emporium-art.com\/index.php?rest_route=%2Fwp%2Fv2%2Fproduct_tag&post=173"}],"curies":[{"name":"wp","href":"https:\/\/api.w.org\/{rel}","templated":true}]}}