{"id":353,"date":"2019-01-12T16:45:21","date_gmt":"2019-01-12T15:45:21","guid":{"rendered":"http:\/\/emporium-art.com\/?post_type=product&#038;p=353"},"modified":"2020-03-26T17:34:37","modified_gmt":"2020-03-26T16:34:37","slug":"le-dieu-qui-nas-pas-echoue","status":"publish","type":"product","link":"https:\/\/emporium-art.com\/?product=le-dieu-qui-nas-pas-echoue","title":{"rendered":"LE DIEU QUI N&#8217;AS PAS \u00c9CHOU\u00c9"},"content":{"rendered":"<h2>Comment la religion construit et soutient l&#8217;Occident<\/h2>\n<p>Author: Robert Royal<\/p>\n","protected":false},"excerpt":{"rendered":"<p>Royal propose une lecture originale de la religion dans le Gr\u00e9ce et la Rome antiques, dans le christianisme et le juda\u00efsme, au Moyen Age , \u00e0 la Renaissance et \u00e0 le R\u00e9forme, dans les diff\u00e9rentes sortes de Lumi\u00e8res qui se sont pr\u00e9sent\u00e9s dans l&#8217;histoire.<\/p>\n","protected":false},"featured_media":354,"comment_status":"open","ping_status":"closed","template":"","meta":[],"product_brand":[],"product_cat":[17,114],"product_tag":[80],"class_list":{"0":"post-353","1":"product","2":"type-product","3":"status-publish","4":"has-post-thumbnail","6":"product_cat-libri","7":"product_cat-gruppo-liamar","8":"product_tag-religion","10":"first","11":"instock","12":"shipping-taxable","13":"purchasable","14":"product-type-simple"},"_links":{"self":[{"href":"https:\/\/emporium-art.com\/index.php?rest_route=\/wp\/v2\/product\/353","targetHints":{"allow":["GET"]}}],"collection":[{"href":"https:\/\/emporium-art.com\/index.php?rest_route=\/wp\/v2\/product"}],"about":[{"href":"https:\/\/emporium-art.com\/index.php?rest_route=\/wp\/v2\/types\/product"}],"replies":[{"embeddable":true,"href":"https:\/\/emporium-art.com\/index.php?rest_route=%2Fwp%2Fv2%2Fcomments&post=353"}],"wp:featuredmedia":[{"embeddable":true,"href":"https:\/\/emporium-art.com\/index.php?rest_route=\/wp\/v2\/media\/354"}],"wp:attachment":[{"href":"https:\/\/emporium-art.com\/index.php?rest_route=%2Fwp%2Fv2%2Fmedia&parent=353"}],"wp:term":[{"taxonomy":"product_brand","embeddable":true,"href":"https:\/\/emporium-art.com\/index.php?rest_route=%2Fwp%2Fv2%2Fproduct_brand&post=353"},{"taxonomy":"product_cat","embeddable":true,"href":"https:\/\/emporium-art.com\/index.php?rest_route=%2Fwp%2Fv2%2Fproduct_cat&post=353"},{"taxonomy":"product_tag","embeddable":true,"href":"https:\/\/emporium-art.com\/index.php?rest_route=%2Fwp%2Fv2%2Fproduct_tag&post=353"}],"curies":[{"name":"wp","href":"https:\/\/api.w.org\/{rel}","templated":true}]}}