{"id":865,"date":"2020-07-15T15:27:21","date_gmt":"2020-07-15T13:27:21","guid":{"rendered":"https:\/\/emporium-art.com\/?post_type=product&#038;p=865"},"modified":"2020-12-25T10:24:01","modified_gmt":"2020-12-25T09:24:01","slug":"apicius","status":"publish","type":"product","link":"https:\/\/emporium-art.com\/?product=apicius","title":{"rendered":"APICIUS"},"content":{"rendered":"<div class=\"\">\n<div class=\"\">Legatura pergamena antica, tracce di lacci di chiusura, titolo manoscritto al dorso in inchiostro nero, cm 21,5 x 14,5, ff 123 (246 pp). Capilettera decorati e animati. Ottimo stato.<\/div>\n<div class=\"\">Marco Gavio Apicio (in latino: Marcus Gavius Apicius) \u00e8 stato un gastronomo, cuoco e scrittore romano vissuto a cavallo fra il I secolo a.C. e il I secolo d.C.<\/div>\n<div class=\"\">Descritto come amante dello sfarzo e del lusso dagli storici, i suoi scritti costituiscono una fonte ineguagliabile di <strong>storia della cucina romana<\/strong>.<\/div>\n<div class=\"\">Questa opera, dedicata principalmente ai condimenti, rispecchia un&#8217;abitudine alimentare molto ben radicata nella gastronomia dell&#8217;Antica Roma. I commensali di Roma antica disponevano di numerosi prodotti provenienti da ogni parte dell&#8217;impero. Le classi pi\u00f9 elevate potevano cos\u00ec organizzare sontuosi banchetti con cui intrattenere e spesso stupire i propri ospiti. Il ricco apparato di piatti, sia semplici sia elaborati, prevedeva carne, pesce e verdura generosamente condite da salse dolci e salate.<\/div>\n<div class=\"\">A dispetto delle tecniche di preparazione del cibo, sono i condimenti i veri protagonisti della cucina romana: la salsa base di pesce (garum o liquamen), il mosto cotto e rappreso (defrutum), il miele, verdure, spezie, venivano usate in abbondanza come condimenti, sia singolarmente che mescolate tra loro, generando un&#8217;infinit\u00e0 di gusti diversi (molti dei quali disgustosi al palato del commensale moderno).<\/div>\n<div class=\"\">I vari frammenti di Apicio testimoniano l&#8217;importanza del condimento: in particolare del garum, utilizzato ovunque come ai giorni nostri viene impiegato il comune sale da cucina; nei diversi appunti del cuoco le ricette che prevedono questa salsa sono ben venti.<\/div>\n<div class=\"\">Di fatto, la composizione e la modalit\u00e0 di preparazione del garum appaiono tuttora di natura incerta: questo \u00e8 dovuto probabilmente al fatto che, essendo cos\u00ec popolare, nessun cuoco aveva la necessit\u00e0 di scriverne la ricetta.<\/div>\n<\/div>\n<div class=\"\">\n<div class=\"\">Si tratta di un<strong> prontuario di cucina<\/strong> per gente facoltosa, sensibile ai piaceri della tavola e sazia al punto da doversi stuzzicare di continuo l&#8217;appetito; non mancano le semplici ricette popolari, dalle marinate di pesci o di verdure alle farinate d&#8217;orzo o di spelta, ma si passa via via ai pesci, al pollame, alla selvaggina, ai funghi, alle lumache, ai vini melati o aromatici, per giungere alle portate esotiche o inusitate: gli arrosti di cigno, di pappagallo, di struzzo, di fenicottero, di porcospino, fino alle dolci prelibatezze del ghiro cotto nel miele. Ogni vivanda viene irrorata con forti salse di aceto, miele e spezie a profusione, quasi a soverchiare il sentore di carni troppo frolle.<\/div>\n<div><em>Gassner, 23 &#8211; Vicaire 31 &#8211; Bulletin du Bibliophile 1523 &#8211; Baron 2472,3.<\/em><\/div>\n<\/div>\n","protected":false},"excerpt":{"rendered":"<div class=\"\"><strong>Apicii Caelii de opsoniis et condimentis, sive arte coquinaria, libri X.<\/strong><\/div>\n<div class=\"\">Tiguri (Zurigo,): In Off. Froschouiana, 1542. <strong>Prima edizione.<\/strong><\/div>\n","protected":false},"featured_media":866,"comment_status":"open","ping_status":"closed","template":"","meta":[],"product_brand":[],"product_cat":[32],"product_tag":[],"class_list":{"0":"post-865","1":"product","2":"type-product","3":"status-publish","4":"has-post-thumbnail","6":"product_cat-libri-antichi","8":"first","9":"instock","10":"taxable","11":"shipping-taxable","12":"purchasable","13":"product-type-simple"},"_links":{"self":[{"href":"https:\/\/emporium-art.com\/index.php?rest_route=\/wp\/v2\/product\/865","targetHints":{"allow":["GET"]}}],"collection":[{"href":"https:\/\/emporium-art.com\/index.php?rest_route=\/wp\/v2\/product"}],"about":[{"href":"https:\/\/emporium-art.com\/index.php?rest_route=\/wp\/v2\/types\/product"}],"replies":[{"embeddable":true,"href":"https:\/\/emporium-art.com\/index.php?rest_route=%2Fwp%2Fv2%2Fcomments&post=865"}],"wp:featuredmedia":[{"embeddable":true,"href":"https:\/\/emporium-art.com\/index.php?rest_route=\/wp\/v2\/media\/866"}],"wp:attachment":[{"href":"https:\/\/emporium-art.com\/index.php?rest_route=%2Fwp%2Fv2%2Fmedia&parent=865"}],"wp:term":[{"taxonomy":"product_brand","embeddable":true,"href":"https:\/\/emporium-art.com\/index.php?rest_route=%2Fwp%2Fv2%2Fproduct_brand&post=865"},{"taxonomy":"product_cat","embeddable":true,"href":"https:\/\/emporium-art.com\/index.php?rest_route=%2Fwp%2Fv2%2Fproduct_cat&post=865"},{"taxonomy":"product_tag","embeddable":true,"href":"https:\/\/emporium-art.com\/index.php?rest_route=%2Fwp%2Fv2%2Fproduct_tag&post=865"}],"curies":[{"name":"wp","href":"https:\/\/api.w.org\/{rel}","templated":true}]}}