{"id":871,"date":"2020-07-17T10:22:18","date_gmt":"2020-07-17T08:22:18","guid":{"rendered":"https:\/\/emporium-art.com\/?post_type=product&#038;p=871"},"modified":"2020-11-09T21:39:08","modified_gmt":"2020-11-09T20:39:08","slug":"rambaldi","status":"publish","type":"product","link":"https:\/\/emporium-art.com\/?product=rambaldi","title":{"rendered":"RAMBALDI"},"content":{"rendered":"<div class=\"\">Legatura rigida in carta settecentesca, cm. 13,5 x 7,5, pp. 69.<\/div>\n<div class=\"\">\u00c8 rarissimo questo piccolo libro che analizza le qualit\u00e0 del caff\u00e8 come rimedio pi\u00f9 che come piacevole bevanda.\u2008L\u2019autore \u00e8 medico e come lui stesso afferma nell\u2019introduzione: \u00ab&#8230;descrivo nudamente, e senza abbigliamento Retorico l\u2019innumerabili virt\u00f9 del Caf\u00e8, bevanda usitata fr\u00e0 Turchi&#8230;\u00bb<\/div>\n<div class=\"\">L\u2019autore enumera i numerosi benefici del caff\u00e8 come rimedio per i problemi di salute: polmonite, tosse, vertigini, la perdita della vista e persino&#8230; l\u2019insonnia.<\/div>\n<div class=\"\">Angelo Rambaldi \u00e8 un medico bolognese di cui si hanno poche notizie. Affermava di essere un appassionato consumatore di caff\u00e8 da 36 anni e sentiva di poter testimoniare anche il suo carattere afrodisiaco, contro il pensare comune che indicava invece con il suo consumo indiceva all\u2019inibizione dei sensi. Nel testo sono anche indicate tecniche per la torrefazione e la preparazione della bevanda.<\/div>\n<div class=\"\"><em>Paleari Hennsler, 614 &#8211; Westbury, 184.<\/em><\/div>\n","protected":false},"excerpt":{"rendered":"<div class=\"\">(Angelo) &#8211; <strong>Ambrosia arabica ovvero Della Salutare Bevanda Caf\u00e8.<\/strong><\/div>\n<div class=\"\">Bologna, Longhi, 1691. <strong>Prima edizione.<\/strong><\/div>\n","protected":false},"featured_media":767,"comment_status":"open","ping_status":"closed","template":"","meta":[],"product_brand":[],"product_cat":[32],"product_tag":[],"class_list":{"0":"post-871","1":"product","2":"type-product","3":"status-publish","4":"has-post-thumbnail","6":"product_cat-libri-antichi","8":"first","9":"instock","10":"taxable","11":"shipping-taxable","12":"purchasable","13":"product-type-simple"},"_links":{"self":[{"href":"https:\/\/emporium-art.com\/index.php?rest_route=\/wp\/v2\/product\/871","targetHints":{"allow":["GET"]}}],"collection":[{"href":"https:\/\/emporium-art.com\/index.php?rest_route=\/wp\/v2\/product"}],"about":[{"href":"https:\/\/emporium-art.com\/index.php?rest_route=\/wp\/v2\/types\/product"}],"replies":[{"embeddable":true,"href":"https:\/\/emporium-art.com\/index.php?rest_route=%2Fwp%2Fv2%2Fcomments&post=871"}],"wp:featuredmedia":[{"embeddable":true,"href":"https:\/\/emporium-art.com\/index.php?rest_route=\/wp\/v2\/media\/767"}],"wp:attachment":[{"href":"https:\/\/emporium-art.com\/index.php?rest_route=%2Fwp%2Fv2%2Fmedia&parent=871"}],"wp:term":[{"taxonomy":"product_brand","embeddable":true,"href":"https:\/\/emporium-art.com\/index.php?rest_route=%2Fwp%2Fv2%2Fproduct_brand&post=871"},{"taxonomy":"product_cat","embeddable":true,"href":"https:\/\/emporium-art.com\/index.php?rest_route=%2Fwp%2Fv2%2Fproduct_cat&post=871"},{"taxonomy":"product_tag","embeddable":true,"href":"https:\/\/emporium-art.com\/index.php?rest_route=%2Fwp%2Fv2%2Fproduct_tag&post=871"}],"curies":[{"name":"wp","href":"https:\/\/api.w.org\/{rel}","templated":true}]}}