{"id":886,"date":"2020-07-17T11:40:16","date_gmt":"2020-07-17T09:40:16","guid":{"rendered":"https:\/\/emporium-art.com\/?post_type=product&#038;p=886"},"modified":"2020-07-17T11:40:16","modified_gmt":"2020-07-17T09:40:16","slug":"meisner","status":"publish","type":"product","link":"https:\/\/emporium-art.com\/?product=meisner","title":{"rendered":"MEISNER"},"content":{"rendered":"<div class=\"\">Cartonato ricoperto con una carta tipografica molto rara tedesca del XVIII secolo, pp. 124 e 4 tavole f.t. di cui 3 ripiegate. Titolo stampato in rosso e nero. Macchie sul primo foglio bianco, sull\u2019antiporta e sul frontespizio, per il resto una copia molto pulita. Un\u2019incisione al frontespizio ed un capolettera \u00a0decorato alla prefazione.<\/div>\n<div class=\"\">Ex-libris inciso da J.\u2008Striedbeck incollato al primo piatto interno: \u00e8 del celebre medico di Strasburgo \u00a0Philippe Henri Boecler (1718-1759).<\/div>\n<div class=\"\">Questo libro era stato pubblicato sotto forma di tesi un anno prima. Meisner descrive il caff\u00e8, il t\u00e8, il cioccolato ed il tabacco: botanica, cultura, torrefazione, preparazione, utilizzo, abuso, pericoli ecc. \u00a0Le 4 tavole illustrano le 4 piante, sono firmate da Birckart (1677-1748) incisore strasburghese stabilito a Praga nel 1711.\u2008Verso il 1720 era incisore alla corte di Margrave di Baden-Baden.<\/div>\n<div class=\"\"><em>Sabin 47414, M\u00fcller (Kaffee) 144, Vicaire 581, Arents III523, Oberl\u00e9 \u00abFastes\u00bb 740, EA 721\/126 per questo esemplare.\u2008Manca a BI.N.G.<\/em><\/div>\n","protected":false},"excerpt":{"rendered":"<div class=\"\">(Leonhard Ferdinand) &#8211; <strong>De caffe, chocolat\u00e6, herb\u00e6 thee ac nicotian\u00e6 Natura<\/strong>, Usu et Abusu Anacrisis medico-historico-di\u00e6tetica<\/div>\n<div class=\"\">Norimberg\u00e6 : Sumpt. Joh. Frider. Rudigeri, 1721. <strong>Prima edizione<\/strong> in libreria.<\/div>\n","protected":false},"featured_media":887,"comment_status":"open","ping_status":"closed","template":"","meta":[],"product_brand":[],"product_cat":[32],"product_tag":[],"class_list":{"0":"post-886","1":"product","2":"type-product","3":"status-publish","4":"has-post-thumbnail","6":"product_cat-libri-antichi","8":"first","9":"instock","10":"taxable","11":"shipping-taxable","12":"purchasable","13":"product-type-simple"},"_links":{"self":[{"href":"https:\/\/emporium-art.com\/index.php?rest_route=\/wp\/v2\/product\/886","targetHints":{"allow":["GET"]}}],"collection":[{"href":"https:\/\/emporium-art.com\/index.php?rest_route=\/wp\/v2\/product"}],"about":[{"href":"https:\/\/emporium-art.com\/index.php?rest_route=\/wp\/v2\/types\/product"}],"replies":[{"embeddable":true,"href":"https:\/\/emporium-art.com\/index.php?rest_route=%2Fwp%2Fv2%2Fcomments&post=886"}],"wp:featuredmedia":[{"embeddable":true,"href":"https:\/\/emporium-art.com\/index.php?rest_route=\/wp\/v2\/media\/887"}],"wp:attachment":[{"href":"https:\/\/emporium-art.com\/index.php?rest_route=%2Fwp%2Fv2%2Fmedia&parent=886"}],"wp:term":[{"taxonomy":"product_brand","embeddable":true,"href":"https:\/\/emporium-art.com\/index.php?rest_route=%2Fwp%2Fv2%2Fproduct_brand&post=886"},{"taxonomy":"product_cat","embeddable":true,"href":"https:\/\/emporium-art.com\/index.php?rest_route=%2Fwp%2Fv2%2Fproduct_cat&post=886"},{"taxonomy":"product_tag","embeddable":true,"href":"https:\/\/emporium-art.com\/index.php?rest_route=%2Fwp%2Fv2%2Fproduct_tag&post=886"}],"curies":[{"name":"wp","href":"https:\/\/api.w.org\/{rel}","templated":true}]}}