{"id":894,"date":"2020-07-19T14:15:40","date_gmt":"2020-07-19T12:15:40","guid":{"rendered":"https:\/\/emporium-art.com\/?post_type=product&#038;p=894"},"modified":"2024-07-01T23:28:55","modified_gmt":"2024-07-01T21:28:55","slug":"anonimo","status":"publish","type":"product","link":"https:\/\/emporium-art.com\/?product=anonimo","title":{"rendered":"ANONIMO"},"content":{"rendered":"<div class=\"\"><strong>Rara incisione colorata a mano<\/strong>, cm 40 x 53,5. Foglio: cm 44 x 58. \u00a0Sotto il titolo a destra \u201cin Bassano per il Remondini\u201d, sulla lastra in basso al centro \u201c1606\u201d, che non \u00e8 la data, ma la numerazione progressiva del rame. Buoni margini. Bruniture e difetti minori.<\/div>\n<div class=\"\">Quest\u2019opera illustra il \u201cPaese ideale\u201d. Si percepisce il desiderio di fuggire dal proprio stato sociale verso la felicit\u00e0 materiale, dove ogni bisogno \u00e8 soddisfatto. La citt\u00e0 di Cuccagna \u00e8 dominata dalla grande montagna di formaggi da cui rotolano i maccheroni, \u00e8 attraversata da fiumi da cui scorre il vino e i laghi portano a riva pesci gi\u00e0 cotti, diamanti e perle piovono dal cielo, insieme a capponi arrostiti e selvaggina. Chi lavora viene condotto in prigione. Un Eden paradossale. <em>(L\u2019illustrazione di questa incisione si trova sulla copertina del presente catalogo).<\/em><\/div>\n<div class=\"\"><em>Catalogo Remondini, 1785, n. 576, p. LXXXVIII. Infelise\/Marini (Stampe popolari profane), 2.<\/em><\/div>\n","protected":false},"excerpt":{"rendered":"<div class=\"\">del XVII secolo &#8211; <strong>Discritione del Paese di Chucagna<\/strong> \/ Dove Chi Manco Lavora Pi\u00f9 Guadagna.<\/div>\n<div class=\"\">Bassano, RemondiniS.d., \u00a0(fine del XVII secolo).<\/div>\n","protected":false},"featured_media":892,"comment_status":"open","ping_status":"closed","template":"","meta":[],"product_brand":[],"product_cat":[117],"product_tag":[],"class_list":{"0":"post-894","1":"product","2":"type-product","3":"status-publish","4":"has-post-thumbnail","6":"product_cat-stampe-incisioni","8":"first","9":"instock","10":"taxable","11":"shipping-taxable","12":"purchasable","13":"product-type-simple"},"_links":{"self":[{"href":"https:\/\/emporium-art.com\/index.php?rest_route=\/wp\/v2\/product\/894","targetHints":{"allow":["GET"]}}],"collection":[{"href":"https:\/\/emporium-art.com\/index.php?rest_route=\/wp\/v2\/product"}],"about":[{"href":"https:\/\/emporium-art.com\/index.php?rest_route=\/wp\/v2\/types\/product"}],"replies":[{"embeddable":true,"href":"https:\/\/emporium-art.com\/index.php?rest_route=%2Fwp%2Fv2%2Fcomments&post=894"}],"wp:featuredmedia":[{"embeddable":true,"href":"https:\/\/emporium-art.com\/index.php?rest_route=\/wp\/v2\/media\/892"}],"wp:attachment":[{"href":"https:\/\/emporium-art.com\/index.php?rest_route=%2Fwp%2Fv2%2Fmedia&parent=894"}],"wp:term":[{"taxonomy":"product_brand","embeddable":true,"href":"https:\/\/emporium-art.com\/index.php?rest_route=%2Fwp%2Fv2%2Fproduct_brand&post=894"},{"taxonomy":"product_cat","embeddable":true,"href":"https:\/\/emporium-art.com\/index.php?rest_route=%2Fwp%2Fv2%2Fproduct_cat&post=894"},{"taxonomy":"product_tag","embeddable":true,"href":"https:\/\/emporium-art.com\/index.php?rest_route=%2Fwp%2Fv2%2Fproduct_tag&post=894"}],"curies":[{"name":"wp","href":"https:\/\/api.w.org\/{rel}","templated":true}]}}