{"id":904,"date":"2020-07-21T15:50:44","date_gmt":"2020-07-21T13:50:44","guid":{"rendered":"https:\/\/emporium-art.com\/?post_type=product&#038;p=904"},"modified":"2021-09-11T15:24:37","modified_gmt":"2021-09-11T13:24:37","slug":"grenan-benigne-et-charles-coffin","status":"publish","type":"product","link":"https:\/\/emporium-art.com\/?product=grenan-benigne-et-charles-coffin","title":{"rendered":"[GRENAN (B\u00e9nigne) et Charles COFFIN]"},"content":{"rendered":"<div class=\"\">Legatura in carta decorata di stile settecentesco, cm 19 x 12, pp. 16, testatine decorate molto belle.<\/div>\n<div class=\"\">Contiene due odi latine nel contesto del &#8220;Wine Quarrel&#8221;. Ognuna \u00e8 accompagnato dalla sua traduzione in versi francesi. Quella di Vinum burgundum, di B\u00e9nigne Grenan (1681-1723), \u00e8 opera di Bernard de La Monnoye. Quello della Campania vindicata, di Charles Coffin (1676-1749), \u00e8 firmato D.E.A.E.S.<\/div>\n<div class=\"\">Manca alla Collezione Fritsch.<\/div>\n","protected":false},"excerpt":{"rendered":"<div class=\"\"><strong>\u00c9loges des vins de Bourgogne et de Champagne<\/strong>, ou deux odes latines, l&#8217;une pour le vin de Bourgogne, l&#8217;autre pour le vin de Champagne, avec la traduction en vers fran\u00e7ois.<\/div>\n<div class=\"\">Paris, Jacques Estienne, 1712.<\/div>\n","protected":false},"featured_media":860,"comment_status":"open","ping_status":"closed","template":"","meta":[],"product_brand":[],"product_cat":[32],"product_tag":[],"class_list":{"0":"post-904","1":"product","2":"type-product","3":"status-publish","4":"has-post-thumbnail","6":"product_cat-libri-antichi","8":"first","9":"instock","10":"taxable","11":"shipping-taxable","12":"purchasable","13":"product-type-simple"},"_links":{"self":[{"href":"https:\/\/emporium-art.com\/index.php?rest_route=\/wp\/v2\/product\/904","targetHints":{"allow":["GET"]}}],"collection":[{"href":"https:\/\/emporium-art.com\/index.php?rest_route=\/wp\/v2\/product"}],"about":[{"href":"https:\/\/emporium-art.com\/index.php?rest_route=\/wp\/v2\/types\/product"}],"replies":[{"embeddable":true,"href":"https:\/\/emporium-art.com\/index.php?rest_route=%2Fwp%2Fv2%2Fcomments&post=904"}],"wp:featuredmedia":[{"embeddable":true,"href":"https:\/\/emporium-art.com\/index.php?rest_route=\/wp\/v2\/media\/860"}],"wp:attachment":[{"href":"https:\/\/emporium-art.com\/index.php?rest_route=%2Fwp%2Fv2%2Fmedia&parent=904"}],"wp:term":[{"taxonomy":"product_brand","embeddable":true,"href":"https:\/\/emporium-art.com\/index.php?rest_route=%2Fwp%2Fv2%2Fproduct_brand&post=904"},{"taxonomy":"product_cat","embeddable":true,"href":"https:\/\/emporium-art.com\/index.php?rest_route=%2Fwp%2Fv2%2Fproduct_cat&post=904"},{"taxonomy":"product_tag","embeddable":true,"href":"https:\/\/emporium-art.com\/index.php?rest_route=%2Fwp%2Fv2%2Fproduct_tag&post=904"}],"curies":[{"name":"wp","href":"https:\/\/api.w.org\/{rel}","templated":true}]}}